{"id":1002,"date":"2021-08-18T14:46:18","date_gmt":"2021-08-18T14:46:18","guid":{"rendered":"http:\/\/w1070031.checkdomain.net\/wordpress\/?page_id=1002"},"modified":"2021-08-18T14:46:19","modified_gmt":"2021-08-18T14:46:19","slug":"versandinformationen","status":"publish","type":"page","link":"https:\/\/herr-hipp.com\/wordpress\/versandinformationen\/","title":{"rendered":"Versandinformationen"},"content":{"rendered":"<p>Aus Jugendschutzgr\u00fcnden versenden wir ausschlie\u00dflich per DHL mit Alters\u00fcberpr\u00fcfung. <\/p><p>Mehr Infos hierzu finden Sie hier:<\/p><p><a href=\"https:\/\/www.dhl.de\/de\/privatkunden\/information\/service-alterssichtpruefung.html\">https:\/\/www.dhl.de\/de\/privatkunden\/information\/service-alterssichtpruefung.html<\/a><\/p>","protected":false},"excerpt":{"rendered":"<p>Aus Jugendschutzgr\u00fcnden versenden wir ausschlie\u00dflich per DHL mit Alters\u00fcberpr\u00fcfung. Mehr Infos hierzu finden Sie hier: https:\/\/www.dhl.de\/de\/privatkunden\/information\/service-alterssichtpruefung.html<\/p>\n","protected":false},"author":1,"featured_media":0,"parent":0,"menu_order":0,"comment_status":"closed","ping_status":"closed","template":"","meta":{"kt_blocks_editor_width":"","footnotes":""},"class_list":["post-1002","page","type-page","status-publish","hentry"],"_links":{"self":[{"href":"https:\/\/herr-hipp.com\/wordpress\/wp-json\/wp\/v2\/pages\/1002","targetHints":{"allow":["GET"]}}],"collection":[{"href":"https:\/\/herr-hipp.com\/wordpress\/wp-json\/wp\/v2\/pages"}],"about":[{"href":"https:\/\/herr-hipp.com\/wordpress\/wp-json\/wp\/v2\/types\/page"}],"author":[{"embeddable":true,"href":"https:\/\/herr-hipp.com\/wordpress\/wp-json\/wp\/v2\/users\/1"}],"replies":[{"embeddable":true,"href":"https:\/\/herr-hipp.com\/wordpress\/wp-json\/wp\/v2\/comments?post=1002"}],"version-history":[{"count":1,"href":"https:\/\/herr-hipp.com\/wordpress\/wp-json\/wp\/v2\/pages\/1002\/revisions"}],"predecessor-version":[{"id":1003,"href":"https:\/\/herr-hipp.com\/wordpress\/wp-json\/wp\/v2\/pages\/1002\/revisions\/1003"}],"wp:attachment":[{"href":"https:\/\/herr-hipp.com\/wordpress\/wp-json\/wp\/v2\/media?parent=1002"}],"curies":[{"name":"wp","href":"https:\/\/api.w.org\/{rel}","templated":true}]}}