{"id":998,"date":"2021-08-18T14:47:04","date_gmt":"2021-08-18T14:47:04","guid":{"rendered":"http:\/\/w1070031.checkdomain.net\/wordpress\/?page_id=998"},"modified":"2021-11-05T14:31:59","modified_gmt":"2021-11-05T14:31:59","slug":"agb","status":"publish","type":"page","link":"https:\/\/herr-hipp.com\/wordpress\/agb\/","title":{"rendered":"AGB"},"content":{"rendered":"<p><strong>\u00a7 1 Verwender<\/strong><br>Als Verwender dieser AGB gilt:<\/p><p>Herr Hipp<br>Daniel Hipp<br>Robert-Koch-Weg 12<br>72555 Metzingen<br><\/p><p><strong>\u00a7 2 Geltungsbereich<\/strong><br>Diese Allgemeinen Gesch\u00e4ftsbedingungen gelten f\u00fcr alle Rechtsgesch\u00e4fte zwischen dem Verwender und einem Verbraucher (gem\u00e4\u00df \u00a7 13 BGB einer \u201enat\u00fcrlichen Person, die ein Rechtsgesch\u00e4ft zu Zwecken abschlie\u00dft, die \u00fcberwiegend weder ihrer gewerblichen noch ihrer selbst\u00e4ndigen beruflichen T\u00e4tigkeit zugerechnet werden kann\u201c).<\/p><p><strong>\u00a7 3 Vertragsschluss und Speicherung des Vertragstextes<\/strong><br>Die Bestimmungen dieser AGB gelten f\u00fcr Bestellungen, welche Verbraucher \u00fcber die Website www.herr-hipp.com des Onlineshops Herr Hipp abschlie\u00dfen.<\/p><p>Der Vertrag kommt mit dem Verwender (siehe \u00a7 1) zustande.<\/p><p>Die Vorstellung und Beschreibung der Waren auf der Internetseite des Onlineshops www.herr-hipp.com stellt kein Vertragsangebot dar.<\/p><p>Mit der Bestellung einer Ware durch einen Klick auf den Button \u201ekostenpflichtig bestellen\u201c am Ende des Bestellvorgangs gibt ein Verbraucher ein verbindliches Angebot auf einen Kaufvertragsabschluss ab. Erst mit dem Versand einer Auftragsbest\u00e4tigung per E-Mail durch den Verwender kommt der Vertragsschluss zustande.<\/p><p>Der Vertragstext wird bei Bestellungen gespeichert. Verbraucher erhalten eine E-Mail mit den Bestelldaten und den geltenden AGB. Nach Vertragsschluss sind die Bestelldaten nicht mehr online einsehbar.<\/p><p><strong>\u00a7 4 Zahlung<\/strong><br>Zuz\u00fcglich zu den angegebenen Produktpreisen kommen noch Versandkosten hinzu. N\u00e4heres zur H\u00f6he der Versandkosten erfahren Sie bei den Angeboten.<br>Verbrauchern stehen folgende Zahlungsoptionen zur Verf\u00fcgung:<\/p><p><em>PayPal<\/em><br>Im Bestellprozess werden Sie auf die Webseite des Online-Anbieters PayPal weitergeleitet. Um den Rechnungsbetrag \u00fcber PayPal bezahlen zu k\u00f6nnen, m\u00fcssen Sie dort registriert sein bzw. sich erst registrieren, mit Ihren Zugangsdaten legitimieren und die Zahlungsanweisung an uns best\u00e4tigen. Nach Abgabe der Bestellung im Shop fordern wir PayPal zur Einleitung der Zahlungstransaktion auf.<br>Die Zahlungstransaktion wird durch PayPal unmittelbar danach automatisch durchgef\u00fchrt. Weitere Hinweise erhalten Sie beim Bestellvorgang.<\/p><p><em>Rechnung<\/em><br>Sie zahlen den Rechnungsbetrag nach Bestellung. Der Versand erfolgt erst bei Zahlungseingang.<\/p><p><strong><br>\u00a7 5 Lieferung, Lieferungsbeschr\u00e4nkungen<\/strong><br>Die Lieferung erfolgt \u2013 sofern die Beschreibung eines gew\u00e4hlten Produkts nicht explizit Abweichendes festlegt \u2013 innerhalb von 7 Werktagen.<br>Diese Frist beginnt im Falle der Zahlung via \u00dcberweisung oder Paypal am Tag nach Erteilung des Zahlungsauftrages zu laufen.<\/p><p><strong>\u00a7 6 Gefahren\u00fcbergang<\/strong><br>Das Risiko einer zuf\u00e4lligen Verschlechterung oder einem zuf\u00e4lligen Verlust der Ware liegt bis zur \u00dcbergabe der Ware beim Verwender und geht es mit der \u00dcbergabe auf den Verbraucher \u00fcber.<\/p><p><strong>\u00a7 7 Eigentumsvorbehalt<\/strong><br>Bis zum vollst\u00e4ndigen Empfang des Kaufpreises beh\u00e4lt sich der Verwender das Eigentum an der Ware vor.<\/p><p><strong>\u00a7 8 Jugendschutz<\/strong><br>Sofern Ihre Bestellung Waren umfasst, deren Verkauf Altersbeschr\u00e4nkungen unterliegt, stellen wir durch den Einsatz eines zuverl\u00e4ssigen Verfahrens unter Einbeziehung einer pers\u00f6nlichen Identit\u00e4ts- und Alterspr\u00fcfung sicher, dass der Besteller das erforderliche Mindestalter erreicht hat. Der Zusteller \u00fcbergibt die Ware erst nach erfolgter Alterspr\u00fcfung und nur an den Besteller pers\u00f6nlich.<\/p><p><strong>\u00a7 9 Streitbeilegung<\/strong><br>Die Europ\u00e4ische Kommission stellt eine Plattform zur Online-Streitbeilegung (OS) bereit, die Sie hier finden <a rel=\"noreferrer noopener\" href=\"https:\/\/ec.europa.eu\/consumers\/odr\/\" target=\"_blank\">https:\/\/ec.europa.eu\/consumers\/odr\/<\/a>.<br>Zur Teilnahme an einem Streitbeilegungsverfahren vor einer Verbraucherschlichtungsstelle sind wir nicht verpflichtet und nicht bereit.<\/p>","protected":false},"excerpt":{"rendered":"<p>\u00a7 1 VerwenderAls Verwender dieser AGB gilt: Herr HippDaniel HippRobert-Koch-Weg 1272555 Metzingen \u00a7 2 GeltungsbereichDiese Allgemeinen Gesch\u00e4ftsbedingungen gelten f\u00fcr alle Rechtsgesch\u00e4fte zwischen dem Verwender und einem Verbraucher (gem\u00e4\u00df \u00a7 13 BGB einer \u201enat\u00fcrlichen Person, die ein Rechtsgesch\u00e4ft zu Zwecken abschlie\u00dft, &hellip; <a href=\"https:\/\/herr-hipp.com\/wordpress\/agb\/\">Weiter<\/a><\/p>\n","protected":false},"author":1,"featured_media":0,"parent":0,"menu_order":0,"comment_status":"closed","ping_status":"closed","template":"","meta":{"kt_blocks_editor_width":"","footnotes":""},"class_list":["post-998","page","type-page","status-publish","hentry"],"_links":{"self":[{"href":"https:\/\/herr-hipp.com\/wordpress\/wp-json\/wp\/v2\/pages\/998","targetHints":{"allow":["GET"]}}],"collection":[{"href":"https:\/\/herr-hipp.com\/wordpress\/wp-json\/wp\/v2\/pages"}],"about":[{"href":"https:\/\/herr-hipp.com\/wordpress\/wp-json\/wp\/v2\/types\/page"}],"author":[{"embeddable":true,"href":"https:\/\/herr-hipp.com\/wordpress\/wp-json\/wp\/v2\/users\/1"}],"replies":[{"embeddable":true,"href":"https:\/\/herr-hipp.com\/wordpress\/wp-json\/wp\/v2\/comments?post=998"}],"version-history":[{"count":4,"href":"https:\/\/herr-hipp.com\/wordpress\/wp-json\/wp\/v2\/pages\/998\/revisions"}],"predecessor-version":[{"id":1121,"href":"https:\/\/herr-hipp.com\/wordpress\/wp-json\/wp\/v2\/pages\/998\/revisions\/1121"}],"wp:attachment":[{"href":"https:\/\/herr-hipp.com\/wordpress\/wp-json\/wp\/v2\/media?parent=998"}],"curies":[{"name":"wp","href":"https:\/\/api.w.org\/{rel}","templated":true}]}}